{"id":3213,"date":"2026-02-27T11:07:53","date_gmt":"2026-02-27T10:07:53","guid":{"rendered":"https:\/\/campingplayaparazuelos.con2webs.es\/informacja-prawna\/"},"modified":"2026-04-15T11:47:25","modified_gmt":"2026-04-15T09:47:25","slug":"informacja-prawna","status":"publish","type":"page","link":"https:\/\/campingplayaparazuelos.com\/pl\/informacja-prawna\/","title":{"rendered":"Informacja prawna"},"content":{"rendered":"<style>.kb-row-layout-id1317_c0b029-54 > .kt-row-column-wrap{align-content:start;}:where(.kb-row-layout-id1317_c0b029-54 > .kt-row-column-wrap) > .wp-block-kadence-column{justify-content:start;}.kb-row-layout-id1317_c0b029-54 > .kt-row-column-wrap{column-gap:var(--global-kb-gap-md, 2rem);row-gap:var(--global-kb-gap-md, 2rem);max-width:var( --global-content-width, 1290px );padding-left:var(--global-content-edge-padding);padding-right:var(--global-content-edge-padding);padding-top:var(--global-kb-spacing-sm, 1.5rem);padding-bottom:var(--global-kb-spacing-sm, 1.5rem);grid-template-columns:minmax(0, 1fr);}.kb-row-layout-id1317_c0b029-54 > .kt-row-layout-overlay{opacity:0.30;}@media all and (max-width: 1024px){.kb-row-layout-id1317_c0b029-54 > .kt-row-column-wrap{grid-template-columns:minmax(0, 1fr);}}@media all and (max-width: 767px){.kb-row-layout-id1317_c0b029-54 > .kt-row-column-wrap{grid-template-columns:minmax(0, 1fr);}}<\/style><div class=\"kb-row-layout-wrap kb-row-layout-id1317_c0b029-54 alignnone wp-block-kadence-rowlayout\"><div class=\"kt-row-column-wrap kt-has-1-columns kt-row-layout-equal kt-tab-layout-inherit kt-mobile-layout-row kt-row-valign-top kb-theme-content-width\">\n<style>.kadence-column1317_2114d4-6f > .kt-inside-inner-col,.kadence-column1317_2114d4-6f > .kt-inside-inner-col:before{border-top-left-radius:0px;border-top-right-radius:0px;border-bottom-right-radius:0px;border-bottom-left-radius:0px;}.kadence-column1317_2114d4-6f > .kt-inside-inner-col{column-gap:var(--global-kb-gap-sm, 1rem);}.kadence-column1317_2114d4-6f > .kt-inside-inner-col{flex-direction:column;}.kadence-column1317_2114d4-6f > .kt-inside-inner-col > .aligncenter{width:100%;}.kadence-column1317_2114d4-6f > .kt-inside-inner-col:before{opacity:0.3;}.kadence-column1317_2114d4-6f{position:relative;}@media all and (max-width: 1024px){.kadence-column1317_2114d4-6f > .kt-inside-inner-col{flex-direction:column;justify-content:center;}}@media all and (max-width: 767px){.kadence-column1317_2114d4-6f > .kt-inside-inner-col{flex-direction:column;justify-content:center;}}<\/style>\n<div class=\"wp-block-kadence-column kadence-column1317_2114d4-6f\"><div class=\"kt-inside-inner-col\">\n<h2 class=\"wp-block-heading\">INFORMACJA PRAWNA I OG\u00d3LNE WARUNKI KORZYSTANIA<\/h2>\n\n\n\n<h4 class=\"wp-block-heading\">campingplayaparazuelos.com<\/h4>\n\n\n\n<h3 class=\"wp-block-heading\">I. INFORMACJE OG\u00d3LNE<\/h3>\n\n\n\n<p>Zgodnie z obowi\u0105zkiem informacyjnym ustanowionym w Ustawie 34\/2002 o us\u0142ugach spo\u0142ecze\u0144stwa informacyjnego i handlu elektronicznym (LSSI-CE) z dnia 11 lipca, poni\u017cej podajemy nast\u0119puj\u0105ce og\u00f3lne informacje o tej stronie internetowej:<\/p>\n\n\n\n<p>W\u0142a\u015bcicielem niniejszej witryny internetowej, campingplayaparazuelos.com (zwanej dalej Witryn\u0105), jest: CALNEGRE BEACH S.L., o numerze identyfikacji podatkowej (NIF): B30896971, kt\u00f3rej przedstawicielem jest: Santiago Subiela Hern\u00e1ndez, a kt\u00f3rej dane kontaktowe to:<\/p>\n\n\n\n<p>Adres: Ctra. Ca\u00f1ada Gallego a Puntas de Calnegre-Par, s\/n. 30876 Mazarr\u00f3n <\/p>\n\n\n\n<p>Email: info@campingplayaparazuelos.com<\/p>\n\n\n\n<h3 class=\"wp-block-heading\">II. OG\u00d3LNE WARUNKI KORZYSTANIA <\/h3>\n\n\n\n<h4 class=\"wp-block-heading\">Przedmiot warunk\u00f3w: Strona internetowa<\/h4>\n\n\n\n<p>Celem niniejszych Og\u00f3lnych Warunk\u00f3w Korzystania (zwanych dalej \u201eWarunkami\u201d) jest uregulowanie dost\u0119pu do Serwisu i korzystania z niego. Na potrzeby niniejszych Warunk\u00f3w, przez Serwis rozumie si\u0119: zewn\u0119trzny wygl\u0105d interfejs\u00f3w ekranowych, zar\u00f3wno statycznych, jak i dynamicznych, tj. struktur\u0119 nawigacji; oraz wszystkie elementy zintegrowane zar\u00f3wno z interfejsami ekranowymi, jak i ze struktur\u0105 nawigacji (zwane dalej \u201eTre\u015bci\u0105\u201d), a tak\u017ce wszystkie us\u0142ugi lub zasoby online, kt\u00f3re mog\u0105 by\u0107 oferowane U\u017cytkownikom (zwane dalej \u201eUs\u0142ugami\u201d). <\/p>\n\n\n\n<p>Camping Playa Parazuelos zastrzega sobie prawo do modyfikowania, w dowolnym momencie i bez uprzedniego powiadomienia, wygl\u0105du i konfiguracji Strony Internetowej oraz Tre\u015bci i Us\u0142ug, kt\u00f3re mog\u0105 by\u0107 w niej zawarte. U\u017cytkownik przyjmuje do wiadomo\u015bci i akceptuje, \u017ce Camping Playa Parazuelos mo\u017ce w dowolnym momencie przerwa\u0107, wy\u0142\u0105czy\u0107 i\/lub anulowa\u0107 dowolny z tych element\u00f3w zintegrowanych ze Stron\u0105 Internetow\u0105 lub dost\u0119p do nich. <\/p>\n\n\n\n<p>Dost\u0119p U\u017cytkownika do Serwisu jest bezp\u0142atny i, co do zasady, nie wymaga od U\u017cytkownika \u017cadnych op\u0142at za korzystanie z niego, z wyj\u0105tkiem koszt\u00f3w po\u0142\u0105czenia za po\u015brednictwem sieci telekomunikacyjnej udost\u0119pnianej przez dostawc\u0119 dost\u0119pu, z kt\u00f3rym U\u017cytkownik zawar\u0142 umow\u0119.<\/p>\n\n\n\n<p>Korzystanie z cz\u0119\u015bci Tre\u015bci Serwisu lub Us\u0142ug mo\u017ce odbywa\u0107 si\u0119 po uprzedniej subskrypcji lub rejestracji przez U\u017cytkownika.<\/p>\n\n\n\n<h4 class=\"wp-block-heading\">U\u017cytkownik<\/h4>\n\n\n\n<p>Dost\u0119p, przegl\u0105danie i korzystanie ze Strony Internetowej, a tak\u017ce przestrzeni przeznaczonych do interakcji mi\u0119dzy U\u017cytkownikami oraz mi\u0119dzy U\u017cytkownikami a Campingiem Playa Parazuelos, takich jak komentarze i\/lub blogi, nadaje status U\u017cytkownika. W zwi\u0105zku z tym, uzyskuj\u0105c dost\u0119p do Strony Internetowej, U\u017cytkownicy akceptuj\u0105 wszystkie Warunki okre\u015blone w niniejszym dokumencie, wraz z wszelkimi p\u00f3\u017aniejszymi modyfikacjami, bez uszczerbku dla stosowania odpowiednich, bezwzgl\u0119dnie obowi\u0105zuj\u0105cych przepis\u00f3w prawa. Z uwagi na wag\u0119 powy\u017cszych postanowie\u0144, zaleca si\u0119 U\u017cytkownikom zapoznanie si\u0119 z niniejszymi Warunkami przy ka\u017cdej wizycie na Stronie Internetowej. <\/p>\n\n\n\n<p>Strona internetowa Camping Playa Parazuelos oferuje szerok\u0105 gam\u0119 informacji, us\u0142ug i danych. U\u017cytkownik ponosi odpowiedzialno\u015b\u0107 za prawid\u0142owe korzystanie ze strony internetowej. Odpowiedzialno\u015b\u0107 ta obejmuje:  <\/p>\n\n\n\n<ul class=\"wp-block-list\">\n<li>Korzystanie z informacji, tre\u015bci i\/lub us\u0142ug oraz danych oferowanych przez Camping Playa Parazuelos w spos\u00f3b, kt\u00f3ry nie jest sprzeczny z postanowieniami niniejszych Warunk\u00f3w, prawem, moralno\u015bci\u0105 lub porz\u0105dkiem publicznym, ani w spos\u00f3b, kt\u00f3ry w jakikolwiek inny spos\u00f3b mo\u017ce powodowa\u0107 naruszenie praw os\u00f3b trzecich lub prawid\u0142owego funkcjonowania Witryny.<\/li>\n\n\n\n<li>U\u017cytkownik ponosi odpowiedzialno\u015b\u0107 za dok\u0142adno\u015b\u0107 i legalno\u015b\u0107 informacji podanych w formularzach udost\u0119pnionych przez Camping Playa Parazuelos w celu uzyskania dost\u0119pu do okre\u015blonych Tre\u015bci lub Us\u0142ug oferowanych przez Stron\u0119 Internetow\u0105. W ka\u017cdym przypadku U\u017cytkownik jest zobowi\u0105zany do niezw\u0142ocznego powiadomienia Camping Playa Parazuelos o wszelkich zdarzeniach, kt\u00f3re mog\u0142yby doprowadzi\u0107 do niew\u0142a\u015bciwego wykorzystania informacji zarejestrowanych w tych formularzach, takich jak mi\u0119dzy innymi kradzie\u017c, utrata lub nieautoryzowany dost\u0119p do nazw u\u017cytkownik\u00f3w i\/lub hase\u0142, w celu ich natychmiastowego usuni\u0119cia. <\/li>\n<\/ul>\n\n\n\n<p>W \u017cadnym wypadku Camping Playa Parazuelos nie ponosi odpowiedzialno\u015bci za opinie wyra\u017cane przez U\u017cytkownik\u00f3w w komentarzach lub za po\u015brednictwem innych dost\u0119pnych narz\u0119dzi blogowych lub narz\u0119dzi do uczestnictwa.<\/p>\n\n\n\n<p>Sam dost\u0119p do tej Strony internetowej nie oznacza nawi\u0105zania jakiegokolwiek rodzaju relacji handlowej pomi\u0119dzy Camping Playa Parazuelos a U\u017cytkownikiem.<\/p>\n\n\n\n<p>Zgodnie z obowi\u0105zuj\u0105cymi przepisami, strona internetowa Camping Playa Parazuelos jest skierowana do wszystkich os\u00f3b, bez wzgl\u0119du na wiek, kt\u00f3re mog\u0105 uzyska\u0107 dost\u0119p do stron witryny i\/lub je przegl\u0105da\u0107.<\/p>\n\n\n\n<h3 class=\"wp-block-heading\">III. DOST\u0118P I NAWIGACJA NA STRONIE INTERNETOWEJ: WY\u0141\u0104CZENIE GWARANCJI I ODPOWIEDZIALNO\u015aCI <\/h3>\n\n\n\n<p>Camping Playa Parazuelos nie gwarantuje ci\u0105g\u0142o\u015bci, dost\u0119pno\u015bci ani u\u017cyteczno\u015bci Strony Internetowej, jej Tre\u015bci ani Us\u0142ug. Camping Playa Parazuelos do\u0142o\u017cy wszelkich stara\u0144, aby zapewni\u0107 prawid\u0142owe funkcjonowanie Strony Internetowej; nie ponosi jednak odpowiedzialno\u015bci za nieprzerwany i wolny od b\u0142\u0119d\u00f3w dost\u0119p do Strony Internetowej i nie gwarantuje tego. <\/p>\n\n\n\n<p>Camping Playa Parazuelos nie gwarantuje, \u017ce tre\u015bci lub oprogramowanie dost\u0119pne za po\u015brednictwem tej strony internetowej s\u0105 wolne od b\u0142\u0119d\u00f3w lub nie spowoduj\u0105 uszkodzenia systemu komputerowego u\u017cytkownika (oprogramowania i sprz\u0119tu). W \u017cadnym wypadku Camping Playa Parazuelos nie ponosi odpowiedzialno\u015bci za jakiekolwiek straty, szkody lub szkody jakiegokolwiek rodzaju wynikaj\u0105ce z dost\u0119pu do strony internetowej, przegl\u0105dania jej lub korzystania z niej, w tym mi\u0119dzy innymi za uszkodzenia system\u00f3w komputerowych lub szkody spowodowane przez wirusy. <\/p>\n\n\n\n<p>Camping Playa Parazuelos nie ponosi odpowiedzialno\u015bci za jakiekolwiek szkody, jakie mog\u0105 zosta\u0107 wyrz\u0105dzone u\u017cytkownikom w wyniku niew\u0142a\u015bciwego korzystania z tej strony internetowej. W szczeg\u00f3lno\u015bci nie ponosi odpowiedzialno\u015bci za jakiekolwiek przerwy, zak\u0142\u00f3cenia lub wady w dzia\u0142aniu us\u0142ug telekomunikacyjnych, kt\u00f3re mog\u0105 wyst\u0105pi\u0107. <\/p>\n\n\n\n<h3 class=\"wp-block-heading\">IV. POLITYKA LINKOWANIA <\/h3>\n\n\n\n<p>Informujemy, \u017ce witryna internetowa Camping Playa Parazuelos udost\u0119pnia lub mo\u017ce udost\u0119pnia\u0107 U\u017cytkownikom \u015brodki linkowania (takie jak mi\u0119dzy innymi linki, banery, przyciski), katalogi i wyszukiwarki, kt\u00f3re umo\u017cliwiaj\u0105 U\u017cytkownikom dost\u0119p do witryn internetowych nale\u017c\u0105cych do os\u00f3b trzecich i\/lub zarz\u0105dzanych przez osoby trzecie.<\/p>\n\n\n\n<p>Zamieszczenie tych link\u00f3w, katalog\u00f3w i wyszukiwarek na Stronie internetowej ma na celu u\u0142atwienie U\u017cytkownikom wyszukiwania i dost\u0119pu do informacji dost\u0119pnych w Internecie, i nie nale\u017cy tego traktowa\u0107 jako sugestii, rekomendacji lub zaproszenia do korzystania z nich.<\/p>\n\n\n\n<p>Camping Playa Parazuelos no ofrece ni comercializa por s\u00ed ni por medio de terceros los productos y\/o servicios disponibles en dichos sitios enlazados.<\/p>\n\n\n\n<p>Camping Playa Parazuelos oferuje tre\u015bci sponsorowane, reklamy i\/lub linki afiliacyjne. Informacje zawarte w tych linkach afiliacyjnych lub osadzonych reklamach pochodz\u0105 od samych reklamodawc\u00f3w. W zwi\u0105zku z tym Camping Playa Parazuelos nie ponosi odpowiedzialno\u015bci za jakiekolwiek nie\u015bcis\u0142o\u015bci lub b\u0142\u0119dy, jakie mog\u0105 zawiera\u0107 reklamy, ani w \u017caden spos\u00f3b nie gwarantuje do\u015bwiadczenia, uczciwo\u015bci ani odpowiedzialno\u015bci reklamodawc\u00f3w ani jako\u015bci ich produkt\u00f3w i\/lub us\u0142ug. <\/p>\n\n\n\n<p>Podobnie, nie gwarantujemy dost\u0119pno\u015bci technicznej, dok\u0142adno\u015bci, prawdziwo\u015bci, wa\u017cno\u015bci ani legalno\u015bci stron internetowych, kt\u00f3re nie s\u0105 nasz\u0105 w\u0142asno\u015bci\u0105, a do kt\u00f3rych mo\u017cna uzyska\u0107 dost\u0119p za po\u015brednictwem link\u00f3w.<\/p>\n\n\n\n<p>Camping Playa Parazuelos nie b\u0119dzie pod \u017cadnym pozorem przegl\u0105da\u0107 ani kontrolowa\u0107 tre\u015bci innych stron internetowych, ani te\u017c nie zatwierdzi, nie zbada ani nie popar\u0142 produkt\u00f3w i us\u0142ug, tre\u015bci, plik\u00f3w i innych materia\u0142\u00f3w dost\u0119pnych na wy\u017cej wymienionych powi\u0105zanych stronach.<\/p>\n\n\n\n<p>Camping Playa Parazuelos nie ponosi \u017cadnej odpowiedzialno\u015bci za jakiekolwiek szkody mog\u0105ce powsta\u0107 w zwi\u0105zku z dost\u0119pem, u\u017cytkowaniem, jako\u015bci\u0105 lub legalno\u015bci\u0105 tre\u015bci, komunikat\u00f3w, opinii, produkt\u00f3w i us\u0142ug stron internetowych niezarz\u0105dzanych przez Camping Playa Parazuelos, a po\u0142\u0105czonych z t\u0105 Stron\u0105 internetow\u0105.<\/p>\n\n\n\n<p>U\u017cytkownik lub osoba trzecia tworz\u0105ca hiper\u0142\u0105cze ze strony internetowej innej, innej witryny internetowej do witryny Camping Playa Parazuelos powinna wiedzie\u0107, \u017ce:<\/p>\n\n\n\n<p>Powielanie \u2014 w ca\u0142o\u015bci lub w cz\u0119\u015bci \u2014 jakiejkolwiek Tre\u015bci witryny internetowej i\/lub Us\u0142ug bez wyra\u017anej zgody Camping Playa Parazuelos jest zabronione.<\/p>\n\n\n\n<p>Zabrania si\u0119 publikowania jakichkolwiek fa\u0142szywych, niedok\u0142adnych lub niepoprawnych o\u015bwiadcze\u0144 na temat witryny internetowej Camping Playa Parazuelos lub na temat jej tre\u015bci i\/lub us\u0142ug.<\/p>\n\n\n\n<p>Z wyj\u0105tkiem hiper\u0142\u0105cza, strona internetowa, na kt\u00f3rej umieszczono wspomniane hiper\u0142\u0105cze, nie mo\u017ce zawiera\u0107 \u017cadnych element\u00f3w tej Strony internetowej, kt\u00f3re s\u0105 chronione jako w\u0142asno\u015b\u0107 intelektualna na mocy prawa hiszpa\u0144skiego, chyba \u017ce Camping Playa Parazuelos wyra\u017anie na to zezwoli.<\/p>\n\n\n\n<p>Utworzenie hiper\u0142\u0105cza nie oznacza istnienia relacji pomi\u0119dzy Camping Playa Parazuelos a w\u0142a\u015bcicielem strony internetowej, z kt\u00f3rej ono pochodzi, ani wiedzy i akceptacji przez Camping Playa Parazuelos tre\u015bci, us\u0142ug i\/lub zaj\u0119\u0107 oferowanych na wspomnianej stronie internetowej i odwrotnie.<\/p>\n\n\n\n<h3 class=\"wp-block-heading\">V. W\u0141ASNO\u015a\u0106 INTELEKTUALNA I PRZEMYS\u0141OWA<\/h3>\n\n\n\n<p>Camping Playa Parazuelos, bezpo\u015brednio lub jako cesjonariusz, jest w\u0142a\u015bcicielem wszelkich praw w\u0142asno\u015bci intelektualnej i przemys\u0142owej do Witryny, a tak\u017ce do zawartych w niej element\u00f3w (w tym mi\u0119dzy innymi obraz\u00f3w, d\u017awi\u0119k\u00f3w, nagra\u0144 audio, wideo, oprogramowania lub tekst\u00f3w, znak\u00f3w towarowych lub logo, kombinacji kolor\u00f3w, struktury i projektu, doboru u\u017cytych materia\u0142\u00f3w, program\u00f3w komputerowych niezb\u0119dnych do jej dzia\u0142ania, dost\u0119pu i u\u017cytkowania itp.). S\u0105 to zatem dzie\u0142a chronione jako w\u0142asno\u015b\u0107 intelektualna na mocy prawa hiszpa\u0144skiego, a zastosowanie maj\u0105 do nich zar\u00f3wno przepisy hiszpa\u0144skie, jak i przepisy Unii Europejskiej w tym zakresie, a tak\u017ce umowy mi\u0119dzynarodowe, kt\u00f3rych Hiszpania jest sygnatariuszem. <\/p>\n\n\n\n<p>Wszelkie prawa zastrze\u017cone. Zgodnie z przepisami Ustawy o W\u0142asno\u015bci Intelektualnej, powielanie, rozpowszechnianie i publiczne udost\u0119pnianie, w tym udost\u0119pnianie, ca\u0142o\u015bci lub cz\u0119\u015bci zawarto\u015bci niniejszej strony internetowej w celach komercyjnych, na jakimkolwiek no\u015bniku i za pomoc\u0105 jakichkolwiek \u015brodk\u00f3w technicznych, jest wyra\u017anie zabronione bez zezwolenia Camping Playa Parazuelos. <\/p>\n\n\n\n<p>U\u017cytkownik zobowi\u0105zuje si\u0119 do poszanowania praw w\u0142asno\u015bci intelektualnej i przemys\u0142owej Camping Playa Parazuelos. U\u017cytkownik mo\u017ce przegl\u0105da\u0107 elementy Witryny, a tak\u017ce drukowa\u0107, kopiowa\u0107 i przechowywa\u0107 je na dysku twardym swojego komputera lub innym no\u015bniku fizycznym, pod warunkiem, \u017ce jest to przeznaczone wy\u0142\u0105cznie do u\u017cytku osobistego. U\u017cytkownik nie mo\u017ce jednak usuwa\u0107, modyfikowa\u0107 ani manipulowa\u0107 \u017cadnymi urz\u0105dzeniami zabezpieczaj\u0105cymi ani systemami bezpiecze\u0144stwa zainstalowanymi w Witrynie.  <\/p>\n\n\n\n<p>Je\u017celi U\u017cytkownik lub osoba trzecia uzna, \u017ce \u200b\u200bjakakolwiek Tre\u015b\u0107 witryny internetowej narusza prawa w\u0142asno\u015bci intelektualnej, musi niezw\u0142ocznie powiadomi\u0107 o tym Camping Playa Parazuelos, korzystaj\u0105c z danych kontaktowych podanych w cz\u0119\u015bci INFORMACJE OG\u00d3LNE niniejszej Informacji prawnej i Og\u00f3lnych warunk\u00f3w korzystania.<\/p>\n\n\n\n<h3 class=\"wp-block-heading\">VI. DZIA\u0141ANIA PRAWNE, PRAWO W\u0141A\u015aCIWE I JURYSDYKCJA <\/h3>\n\n\n\n<p>Camping Playa Parazuelos zastrzega sobie prawo do podj\u0119cia wszelkich krok\u00f3w cywilnych lub karnych, jakie uzna za konieczne w przypadku niew\u0142a\u015bciwego wykorzystania Witryny i jej Tre\u015bci lub nieprzestrzegania niniejszych Warunk\u00f3w.<\/p>\n\n\n\n<p>Relacje mi\u0119dzy U\u017cytkownikiem a Camping Playa Parazuelos podlegaj\u0105 przepisom prawa obowi\u0105zuj\u0105cego w Hiszpanii. Wszelkie spory zwi\u0105zane z interpretacj\u0105 i\/lub stosowaniem niniejszego Regulaminu b\u0119d\u0105 rozstrzygane przez s\u0105dy powszechne, z zastrze\u017ceniem jurysdykcji w\u0142a\u015bciwych s\u0105d\u00f3w i trybuna\u0142\u00f3w. <\/p>\n\n\n\n<p>Niniejszy dokument Informacji Prawnej zosta\u0142 utworzony 19\/09\/2023.<\/p>\n<\/div><\/div>\n\n<\/div><\/div>","protected":false},"excerpt":{"rendered":"<p>INFORMACJA PRAWNA I OG\u00d3LNE WARUNKI KORZYSTANIA campingplayaparazuelos.com I. INFORMACJE OG\u00d3LNE Zgodnie z obowi\u0105zkiem informacyjnym ustanowionym w Ustawie 34\/2002 o us\u0142ugach spo\u0142ecze\u0144stwa informacyjnego i handlu elektronicznym (LSSI-CE) z dnia 11 lipca, poni\u017cej podajemy nast\u0119puj\u0105ce og\u00f3lne informacje o tej stronie internetowej: W\u0142a\u015bcicielem niniejszej witryny internetowej, campingplayaparazuelos.com (zwanej dalej Witryn\u0105), jest: CALNEGRE BEACH S.L., o numerze identyfikacji podatkowej&#8230;<\/p>\n","protected":false},"author":1,"featured_media":0,"parent":0,"menu_order":0,"comment_status":"closed","ping_status":"closed","template":"","meta":{"_kad_blocks_custom_css":"","_kad_blocks_head_custom_js":"","_kad_blocks_body_custom_js":"","_kad_blocks_footer_custom_js":"","_kad_post_transparent":"","_kad_post_title":"","_kad_post_layout":"","_kad_post_sidebar_id":"","_kad_post_content_style":"","_kad_post_vertical_padding":"","_kad_post_feature":"","_kad_post_feature_position":"","_kad_post_header":false,"_kad_post_footer":false,"_kad_post_classname":"","footnotes":""},"class_list":["post-3213","page","type-page","status-publish","hentry"],"taxonomy_info":[],"featured_image_src_large":false,"author_info":{"display_name":"admin","author_link":"https:\/\/campingplayaparazuelos.com\/pl\/author\/exi_dmca4ju1\/"},"comment_info":0,"_links":{"self":[{"href":"https:\/\/campingplayaparazuelos.com\/pl\/wp-json\/wp\/v2\/pages\/3213","targetHints":{"allow":["GET"]}}],"collection":[{"href":"https:\/\/campingplayaparazuelos.com\/pl\/wp-json\/wp\/v2\/pages"}],"about":[{"href":"https:\/\/campingplayaparazuelos.com\/pl\/wp-json\/wp\/v2\/types\/page"}],"author":[{"embeddable":true,"href":"https:\/\/campingplayaparazuelos.com\/pl\/wp-json\/wp\/v2\/users\/1"}],"replies":[{"embeddable":true,"href":"https:\/\/campingplayaparazuelos.com\/pl\/wp-json\/wp\/v2\/comments?post=3213"}],"version-history":[{"count":1,"href":"https:\/\/campingplayaparazuelos.com\/pl\/wp-json\/wp\/v2\/pages\/3213\/revisions"}],"predecessor-version":[{"id":3214,"href":"https:\/\/campingplayaparazuelos.com\/pl\/wp-json\/wp\/v2\/pages\/3213\/revisions\/3214"}],"wp:attachment":[{"href":"https:\/\/campingplayaparazuelos.com\/pl\/wp-json\/wp\/v2\/media?parent=3213"}],"curies":[{"name":"wp","href":"https:\/\/api.w.org\/{rel}","templated":true}]}}