{"id":3423,"date":"2026-02-27T11:08:37","date_gmt":"2026-02-27T10:08:37","guid":{"rendered":"https:\/\/campingplayaparazuelos.con2webs.es\/politica-sulla-riservatezza\/"},"modified":"2026-04-15T12:31:50","modified_gmt":"2026-04-15T10:31:50","slug":"politica-sulla-riservatezza","status":"publish","type":"page","link":"https:\/\/campingplayaparazuelos.com\/it\/politica-sulla-riservatezza\/","title":{"rendered":"politica sulla riservatezza"},"content":{"rendered":"<style>.kb-row-layout-id1319_3a5937-ed > .kt-row-column-wrap{align-content:start;}:where(.kb-row-layout-id1319_3a5937-ed > .kt-row-column-wrap) > .wp-block-kadence-column{justify-content:start;}.kb-row-layout-id1319_3a5937-ed > .kt-row-column-wrap{column-gap:var(--global-kb-gap-md, 2rem);row-gap:var(--global-kb-gap-md, 2rem);max-width:var( --global-content-width, 1290px );padding-left:var(--global-content-edge-padding);padding-right:var(--global-content-edge-padding);padding-top:var(--global-kb-spacing-sm, 1.5rem);padding-bottom:var(--global-kb-spacing-sm, 1.5rem);grid-template-columns:minmax(0, 1fr);}.kb-row-layout-id1319_3a5937-ed > .kt-row-layout-overlay{opacity:0.30;}@media all and (max-width: 1024px){.kb-row-layout-id1319_3a5937-ed > .kt-row-column-wrap{grid-template-columns:minmax(0, 1fr);}}@media all and (max-width: 767px){.kb-row-layout-id1319_3a5937-ed > .kt-row-column-wrap{grid-template-columns:minmax(0, 1fr);}}<\/style><div class=\"kb-row-layout-wrap kb-row-layout-id1319_3a5937-ed alignnone wp-block-kadence-rowlayout\"><div class=\"kt-row-column-wrap kt-has-1-columns kt-row-layout-equal kt-tab-layout-inherit kt-mobile-layout-row kt-row-valign-top kb-theme-content-width\">\n<style>.kadence-column1319_ea91bd-80 > .kt-inside-inner-col,.kadence-column1319_ea91bd-80 > .kt-inside-inner-col:before{border-top-left-radius:0px;border-top-right-radius:0px;border-bottom-right-radius:0px;border-bottom-left-radius:0px;}.kadence-column1319_ea91bd-80 > .kt-inside-inner-col{column-gap:var(--global-kb-gap-sm, 1rem);}.kadence-column1319_ea91bd-80 > .kt-inside-inner-col{flex-direction:column;}.kadence-column1319_ea91bd-80 > .kt-inside-inner-col > .aligncenter{width:100%;}.kadence-column1319_ea91bd-80 > .kt-inside-inner-col:before{opacity:0.3;}.kadence-column1319_ea91bd-80{position:relative;}@media all and (max-width: 1024px){.kadence-column1319_ea91bd-80 > .kt-inside-inner-col{flex-direction:column;justify-content:center;}}@media all and (max-width: 767px){.kadence-column1319_ea91bd-80 > .kt-inside-inner-col{flex-direction:column;justify-content:center;}}<\/style>\n<div class=\"wp-block-kadence-column kadence-column1319_ea91bd-80\"><div class=\"kt-inside-inner-col\">\n<h2 class=\"wp-block-heading\">INFORMATIVA SULLA PRIVACY DEL SITO WEB<\/h2>\n\n\n\n<h4 class=\"wp-block-heading\">campingplayaparazuelos.com<\/h4>\n\n\n\n<h3 class=\"wp-block-heading\">I. POLITICA SULLA PRIVACY E SULLA PROTEZIONE DEI DATI<\/h3>\n\n\n\n<p>Nel rispetto delle disposizioni della normativa vigente, Camping Playa Parazuelos (di seguito, anche Sito Web) si impegna ad adottare le necessarie misure tecniche e organizzative, in base al livello di sicurezza adeguato al rischio dei dati raccolti.<\/p>\n\n\n\n<h4 class=\"wp-block-heading\">Leggi incorporate nella presente informativa sulla privacy<\/h4>\n\n\n\n<p>La presente informativa sulla privacy \u00e8 conforme alle normative spagnole ed europee vigenti in materia di protezione dei dati personali online. In particolare, si attiene ai seguenti standard: <\/p>\n\n\n\n<ul class=\"wp-block-list\">\n<li>Regolamento (UE) 2016\/679 del Parlamento europeo e del Consiglio, del 27 aprile 2016, relativo alla tutela delle persone fisiche con riguardo al trattamento dei dati personali, nonch\u00e9 alla libera circolazione di tali dati (GDPR).<\/li>\n\n\n\n<li>Legge organica 3\/2018, del 5 dicembre, sulla protezione dei dati personali e la garanzia dei diritti digitali (LOPD-GDD).<\/li>\n\n\n\n<li>Regio Decreto 1720\/2007, del 21 dicembre, che approva il Regolamento di attuazione della Legge Organica 15\/1999, del 13 dicembre, sulla Protezione dei Dati Personali (RDLOPD).<\/li>\n\n\n\n<li>Legge 34\/2002, dell&#8217;11 luglio, sui servizi della societ\u00e0 dell&#8217;informazione e il commercio elettronico (LSSI-CE).<\/li>\n<\/ul>\n\n\n\n<h4 class=\"wp-block-heading\">Identit\u00e0 del titolare del trattamento dei dati<\/h4>\n\n\n\n<p>Il titolare del trattamento dei dati personali raccolti presso il Camping Playa Parazuelos \u00e8: CALNEGRE BEACH S.L., con codice fiscale (NIF): B30896971, il cui rappresentante \u00e8: Santiago Subiela Hernandez (di seguito, il Titolare del trattamento). I suoi recapiti sono i seguenti:<\/p>\n\n\n\n<p>Indirizzo: Ctra. Ca\u00f1ada Gallego a Puntas de Calnegre-Par, s\/n. 30876 Mazarr\u00f3n <\/p>\n\n\n\n<p>Email: info@campingplayaparazuelos.com<\/p>\n\n\n\n<h4 class=\"wp-block-heading\">Registrazione dei dati personali<\/h4>\n\n\n\n<p>In ottemperanza al GDPR e alla Legge spagnola sulla protezione dei dati (LOPD-GDD), La informiamo che i dati personali raccolti da Camping Playa Parazuelos tramite i moduli presenti sul suo sito web saranno inseriti e trattati nel nostro archivio al fine di agevolare, velocizzare e adempiere agli impegni stabiliti tra Camping Playa Parazuelos e l&#8217;Utente, o per mantenere il rapporto instaurato tramite i moduli compilati dall&#8217;Utente, o per rispondere a una richiesta o domanda dell&#8217;Utente. Inoltre, in conformit\u00e0 al GDPR e alla LOPD-GDD, salvo l&#8217;eccezione prevista dall&#8217;articolo 30.5 del GDPR, viene tenuto un registro delle attivit\u00e0 di trattamento, specificando, a seconda delle finalit\u00e0, le attivit\u00e0 di trattamento effettuate e le altre circostanze previste dal GDPR. <\/p>\n\n\n\n<h4 class=\"wp-block-heading\">Principi applicabili al trattamento dei dati personali<\/h4>\n\n\n\n<p>Il trattamento dei dati personali dell&#8217;Utente sar\u00e0 soggetto ai seguenti principi stabiliti dall&#8217;articolo 5 del GDPR e dagli articoli 4 e seguenti della Legge organica 3\/2018, del 5 dicembre, sulla protezione dei dati personali e la garanzia dei diritti digitali:<\/p>\n\n\n\n<ul class=\"wp-block-list\">\n<li>Principio di licealit\u00e0, correttezza e trasparenza: il consenso dell&#8217;Utente sar\u00e0 sempre richiesto dopo aver fornito informazioni completamente trasparenti sulle finalit\u00e0 per cui vengono raccolti i dati personali.<\/li>\n\n\n\n<li>Principio de limitaci\u00f3n de la finalidad: los datos personales ser\u00e1n recogidos con fines determinados, expl\u00edcitos y leg\u00edtimos.<\/li>\n\n\n\n<li>Principio di minimizzazione dei dati: i dati personali raccolti saranno solo quelli strettamente necessari rispetto alle finalit\u00e0 per cui vengono trattati.<\/li>\n\n\n\n<li>Principio di accuratezza: i dati personali devono essere accurati e sempre aggiornati.<\/li>\n\n\n\n<li>Principio di limitazione del periodo di conservazione: i dati personali saranno conservati in una forma che consenta l&#8217;identificazione dell&#8217;Utente solo per il tempo strettamente necessario al conseguimento delle finalit\u00e0 per cui sono trattati.<\/li>\n\n\n\n<li>Principio de integridad y confidencialidad: los datos personales ser\u00e1n tratados de manera que se garantice su seguridad y confidencialidad.<\/li>\n\n\n\n<li>Principio di responsabilit\u00e0 proattiva: il Titolare del trattamento dei dati sar\u00e0 responsabile di garantire il rispetto dei principi sopra indicati.<\/li>\n<\/ul>\n\n\n\n<h4 class=\"wp-block-heading\">Categorie di dati personali<\/h4>\n\n\n\n<p>Le categorie di dati trattati da Camping Playa Parazuelos sono esclusivamente dati identificativi. In nessun caso vengono trattate categorie particolari di dati personali, come definite dall&#8217;articolo 9 del GDPR. <\/p>\n\n\n\n<h4 class=\"wp-block-heading\">Base giuridica per il trattamento dei dati personali<\/h4>\n\n\n\n<p>La base giuridica per il trattamento dei dati personali \u00e8 il consenso. Camping Playa Parazuelos si impegna ad ottenere il consenso espresso e verificabile dell&#8217;Utente per il trattamento dei suoi dati personali per una o pi\u00f9 finalit\u00e0 specifiche. <\/p>\n\n\n\n<p>L&#8217;Utente ha il diritto di revocare il proprio consenso in qualsiasi momento. La revoca del consenso sar\u00e0 altrettanto semplice quanto la sua concessione. In linea di massima, la revoca del consenso non pregiudicher\u00e0 l&#8217;utilizzo del Sito web.  <\/p>\n\n\n\n<p>Quando l&#8217;Utente deve o pu\u00f2 fornire i propri dati tramite moduli per effettuare richieste, richiedere informazioni o per motivi connessi al contenuto del Sito Web, verr\u00e0 informato se la compilazione di uno qualsiasi di essi \u00e8 obbligatoria in quanto essenziale per la corretta esecuzione dell&#8217;operazione effettuata.<\/p>\n\n\n\n<h4 class=\"wp-block-heading\">Finalit\u00e0 del trattamento per le quali sono destinati i dati personali<\/h4>\n\n\n\n<p>I dati personali vengono raccolti e gestiti da Camping Playa Parazuelos al fine di agevolare, velocizzare e adempiere agli impegni stabiliti tra il Sito Web e l&#8217;Utente, o per mantenere il rapporto instaurato tramite i moduli compilati da quest&#8217;ultimo, o ancora per rispondere a una richiesta o domanda.<\/p>\n\n\n\n<p>Allo stesso modo, i dati possono essere utilizzati per scopi commerciali quali la personalizzazione, analisi operative e statistiche e attivit\u00e0 connesse allo scopo aziendale di Camping Playa Parazuelos, nonch\u00e9 per l&#8217;estrazione, l&#8217;archiviazione e studi di marketing volti ad adattare i Contenuti offerti all&#8217;Utente, nonch\u00e9 a migliorare la qualit\u00e0, il funzionamento e la navigazione del Sito web.<\/p>\n\n\n\n<p>Quando vengono acquisiti dati personali, l&#8217;Utente verr\u00e0 informato sulla finalit\u00e0 o sulle finalit\u00e0 specifiche per cui i dati personali saranno trattati; ovvero, sull&#8217;uso o sugli usi che saranno fatti delle informazioni raccolte.<\/p>\n\n\n\n<h4 class=\"wp-block-heading\">Periodi di conservazione dei dati personali<\/h4>\n\n\n\n<p>I dati personali saranno conservati solo per il tempo minimo necessario al raggiungimento delle finalit\u00e0 del trattamento e, in ogni caso, solo per il seguente periodo: 24 mesi, o fino a quando l&#8217;Utente non ne richieda la cancellazione.<\/p>\n\n\n\n<p>Quando vengono raccolti dati personali, l&#8217;Utente verr\u00e0 informato del periodo di conservazione degli stessi o, qualora ci\u00f2 non sia possibile, dei criteri utilizzati per determinare tale periodo.<\/p>\n\n\n\n<h4 class=\"wp-block-heading\">Destinatari dei dati personali<\/h4>\n\n\n\n<p>I dati personali dell&#8217;Utente saranno condivisi con i seguenti destinatari o categorie di destinatari:<\/p>\n\n\n\n<p>FastComet inc. 350 Townsend St., Suite 300 \u2013 #846 San Francisco, CA 94107, USA Google Ireland Limited Gordon House Dublino 4 Barrow Street, Irlanda. The Rocket Science Group 675 Ponce De Leon Ave NE, Atlanta, Georgia 30308, USA Hotjar Dragonara Business Center 5\u00b0 piano St Julian\u2019s, Malta<\/p>\n\n\n\n<p>Qualora il Titolare del trattamento intenda trasferire dati personali a un paese terzo o a un&#8217;organizzazione internazionale, l&#8217;Utente sar\u00e0 informato, al momento dell&#8217;acquisizione dei dati personali, in merito al paese terzo o all&#8217;organizzazione internazionale a cui i dati sono destinati, nonch\u00e9 all&#8217;esistenza o meno di una decisione di adeguatezza da parte della Commissione.<\/p>\n\n\n\n<h4 class=\"wp-block-heading\">Dati personali dei minori<\/h4>\n\n\n\n<p>Ai sensi dell&#8217;articolo 8 del GDPR e dell&#8217;articolo 7 della Legge Organica 3\/2018, del 5 dicembre, sulla Protezione dei Dati Personali e la Garanzia dei Diritti Digitali, solo le persone di et\u00e0 pari o superiore a 14 anni possono legittimamente acconsentire al trattamento dei propri dati personali da parte di Camping Playa Parazuelos. Per le persone di et\u00e0 inferiore a 14 anni, \u00e8 necessario il consenso dei genitori o del tutore legale per il trattamento, e tale trattamento sar\u00e0 considerato lecito solo nella misura in cui i genitori o il tutore legale lo abbiano autorizzato. <\/p>\n\n\n\n<h4 class=\"wp-block-heading\">Privacy e sicurezza dei dati personali<\/h4>\n\n\n\n<p>Il Camping Playa Parazuelos si impegna ad adottare le misure tecniche e organizzative necessarie, in base al livello di sicurezza adeguato al rischio dei dati raccolti, al fine di garantire la sicurezza dei dati personali e prevenire la distruzione, la perdita o l&#8217;alterazione accidentale o illecita dei dati personali trasmessi, conservati o altrimenti trattati, nonch\u00e9 la divulgazione o l&#8217;accesso non autorizzati a tali dati.<\/p>\n\n\n\n<p>Il sito web \u00e8 dotato di un certificato SSL (Secure Socket Layer), che garantisce la trasmissione sicura e riservata dei dati personali, poich\u00e9 lo scambio di dati tra il server e l&#8217;utente, e viceversa, \u00e8 completamente crittografato.<\/p>\n\n\n\n<p>Tuttavia, poich\u00e9 Camping Playa Parazuelos non pu\u00f2 garantire l&#8217;impenetrabilit\u00e0 di Internet o la completa assenza di hacker o altri soggetti che accedano fraudolentemente ai dati personali, il Titolare del trattamento si impegna a informare l&#8217;Utente senza indebito ritardo qualora si verifichi una violazione dei dati personali che possa comportare un rischio elevato per i diritti e le libert\u00e0 delle persone fisiche. Ai sensi dell&#8217;articolo 4 del GDPR, per violazione dei dati personali si intende qualsiasi violazione della sicurezza che comporti la distruzione, la perdita, l&#8217;alterazione, la divulgazione non autorizzata o l&#8217;accesso non autorizzato ai dati personali trasmessi, conservati o altrimenti trattati, in modo accidentale o illecito. <\/p>\n\n\n\n<p>I dati personali saranno trattati in modo confidenziale dal Titolare del trattamento, il quale si impegna a informare e garantire, mediante un obbligo legale o contrattuale, che tale riservatezza sia rispettata dai propri dipendenti, collaboratori e da chiunque abbia accesso alle informazioni.<\/p>\n\n\n\n<h4 class=\"wp-block-heading\">Diritti derivanti dal trattamento dei dati personali<\/h4>\n\n\n\n<p>L&#8217;Utente ha dei diritti nei confronti del Camping Playa Parazuelos e pu\u00f2, pertanto, esercitare i seguenti diritti riconosciuti dal GDPR e dalla Legge Organica 3\/2018, del 5 dicembre, sulla protezione dei dati personali e la garanzia dei diritti digitali nei confronti del Titolare del trattamento:<\/p>\n\n\n\n<ul class=\"wp-block-list\">\n<li>Diritto di accesso: Si tratta del diritto dell&#8217;Utente di ottenere conferma circa l&#8217;esistenza o meno di un trattamento dei propri dati personali da parte di Camping Playa Parazuelos e, in caso affermativo, di ottenere informazioni sui dati personali specifici che lo riguardano e sul trattamento effettuato da Camping Playa Parazuelos, nonch\u00e9, tra l&#8217;altro, informazioni disponibili sull&#8217;origine di tali dati e sui destinatari delle comunicazioni effettuate o previste in merito.<\/li>\n\n\n\n<li><em>Derecho de rectificaci\u00f3n:<\/em> Es el derecho del Usuario a que se modifiquen sus datos personales que resulten ser inexactos o, teniendo en cuenta los fines del tratamiento, incompletos.<\/li>\n\n\n\n<li>Diritto alla cancellazione (\u201cdiritto all&#8217;oblio\u201d): Si tratta del diritto dell&#8217;Utente, salvo diversa disposizione di legge applicabile, di ottenere la cancellazione dei propri dati personali quando questi non sono pi\u00f9 necessari per le finalit\u00e0 per cui sono stati raccolti o trattati; l&#8217;Utente ha revocato il consenso al trattamento e non sussiste altro fondamento giuridico per esso; l&#8217;Utente si oppone al trattamento e non sussiste altro motivo legittimo per continuarlo; i dati personali sono stati trattati illecitamente; i dati personali devono essere cancellati per adempiere a un obbligo legale; oppure i dati personali sono stati ottenuti a seguito di un&#8217;offerta diretta di servizi della societ\u00e0 dell&#8217;informazione a un minore di 14 anni. Oltre alla cancellazione dei dati, il Titolare del trattamento, tenendo conto della tecnologia disponibile e dei costi di attuazione, deve adottare misure ragionevoli per informare i titolari del trattamento che trattano i dati personali della richiesta di cancellazione da parte dell&#8217;interessato di qualsiasi collegamento a tali dati personali. <\/li>\n\n\n\n<li><em>Derecho a la limitaci\u00f3n del tratamiento:<\/em> Es el derecho del Usuario a limitar el tratamiento de sus datos personales. El Usuario tiene derecho a obtener la limitaci\u00f3n del tratamiento cuando impugne la exactitud de sus datos personales; el tratamiento sea il\u00edcito; el Responsable del tratamiento ya no necesite los datos personales, pero el Usuario lo necesite para hacer reclamaciones; y cuando el Usuario se haya opuesto al tratamiento. <\/li>\n\n\n\n<li><em>Derecho a la portabilidad de los datos:<\/em> En caso de que el tratamiento se efect\u00fae por medios automatizados, el Usuario tendr\u00e1 derecho a recibir del Responsable del tratamiento sus datos personales en un formato estructurado, de uso com\u00fan y lectura mec\u00e1nica, y a transmitirlos a otro responsable del tratamiento. Siempre que sea t\u00e9cnicamente posible, el Responsable del tratamiento transmitir\u00e1 directamente los datos a ese otro responsable. <\/li>\n\n\n\n<li><em>Derecho de oposici\u00f3n:<\/em> Es el derecho del Usuario a que no se lleve a cabo el tratamiento de sus datos de car\u00e1cter personal o se cese el tratamiento de los mismos por parte de Camping Playa Parazuelos.<\/li>\n\n\n\n<li>Diritto a non essere sottoposto a una decisione basata unicamente sul trattamento automatizzato, compresa la profilazione: Si tratta del diritto dell&#8217;Utente di non essere sottoposto a una decisione individuale basata unicamente sul trattamento automatizzato dei propri dati personali, compresa la profilazione, salvo quanto diversamente previsto dalla normativa vigente.<\/li>\n<\/ul>\n\n\n\n<p>Pertanto, l&#8217;Utente pu\u00f2 esercitare i propri diritti inviando una comunicazione scritta al Titolare del trattamento con il riferimento &#8220;GDPR-campingplayaparazuelos.com&#8221;, specificando:<\/p>\n\n\n\n<ul class=\"wp-block-list\">\n<li>Nome e cognome dell&#8217;utente e copia del suo documento d&#8217;identit\u00e0 nazionale (DNI). Nei casi in cui sia consentita la rappresentanza, anche il rappresentante deve essere identificato con le stesse modalit\u00e0 e deve essere fornito il documento che ne attesti l&#8217;autorit\u00e0 a rappresentare l&#8217;utente. La fotocopia del DNI pu\u00f2 essere sostituita da qualsiasi altro documento d&#8217;identit\u00e0 legalmente valido.  <\/li>\n\n\n\n<li>Richiesta con indicazione specifica dei motivi della richiesta o delle informazioni a cui si desidera accedere.<\/li>\n\n\n\n<li>Domicilio a efecto de notificaciones.<\/li>\n\n\n\n<li>Fecha y firma del solicitante.<\/li>\n\n\n\n<li>Todo documento que acredite la petici\u00f3n que formula.<\/li>\n<\/ul>\n\n\n\n<p>La presente domanda e gli eventuali documenti allegati possono essere inviati al seguente indirizzo e\/o indirizzo email:<\/p>\n\n\n\n<p>Indirizzo postale: Ctra. Ca\u00f1ada Gallego a Puntas de Calnegre-Par, s\/n. 30876 Mazarr\u00f3n <\/p>\n\n\n\n<p>Email: info@campingplayaparazuelos.com<\/p>\n\n\n\n<h4 class=\"wp-block-heading\">Collegamenti a siti web di terze parti<\/h4>\n\n\n\n<p>Il Sito Web pu\u00f2 includere collegamenti ipertestuali o link che consentono l&#8217;accesso a siti web di terzi diversi da Camping Playa Parazuelos, e che pertanto non sono gestiti da Camping Playa Parazuelos. I proprietari di questi siti web avranno le proprie politiche sulla protezione dei dati e saranno responsabili, in ogni singolo caso, dei propri file e delle proprie pratiche in materia di privacy. <\/p>\n\n\n\n<h4 class=\"wp-block-heading\">Reclami all&#8217;autorit\u00e0 di controllo<\/h4>\n\n\n\n<p>Qualora l&#8217;Utente ritenga che sussista un problema o una violazione delle normative applicabili in merito al trattamento dei propri dati personali, ha il diritto di ricorrere in via giurisdizionale e di proporre reclamo a un&#8217;autorit\u00e0 di controllo, in particolare nello Stato membro in cui risiede abitualmente, lavora o in cui si \u00e8 verificata la presunta violazione. Nel caso della Spagna, l&#8217;autorit\u00e0 di controllo \u00e8 l&#8217;Agenzia spagnola per la protezione dei dati (http:\/\/www.agpd.es). <\/p>\n\n\n\n<h3 class=\"wp-block-heading\">II. ACCETTAZIONE E MODIFICHE ALLA PRESENTE INFORMATIVA SULLA PRIVACY <\/h3>\n\n\n\n<p>L&#8217;Utente deve aver letto e accettato i termini e le condizioni relativi alla protezione dei dati personali contenuti nella presente Informativa sulla privacy e deve altres\u00ec acconsentire al trattamento dei propri dati personali affinch\u00e9 il Titolare del trattamento possa trattarli secondo le modalit\u00e0, per i periodi e per le finalit\u00e0 indicate. L&#8217;utilizzo del Sito web implica l&#8217;accettazione della relativa Informativa sulla privacy. <\/p>\n\n\n\n<p>Camping Playa Parazuelos si riserva il diritto di modificare la presente Informativa sulla privacy a propria discrezione, o a seguito di modifiche legislative, giurisprudenziali o dottrinali da parte dell&#8217;Agenzia spagnola per la protezione dei dati. Le modifiche o gli aggiornamenti alla presente Informativa sulla privacy non saranno notificati esplicitamente all&#8217;Utente. Si consiglia agli Utenti di consultare periodicamente questa pagina per rimanere informati sulle ultime modifiche o aggiornamenti.  <\/p>\n\n\n\n<p>La presente Informativa sulla privacy \u00e8 stata aggiornata per conformarsi al Regolamento (UE) 2016\/679 del Parlamento europeo e del Consiglio del 27 aprile 2016 relativo alla protezione delle persone fisiche con riguardo al trattamento dei dati personali, nonch\u00e9 alla libera circolazione di tali dati (GDPR) e alla Legge organica 3\/2018 del 5 dicembre sulla protezione dei dati personali e la garanzia dei diritti digitali.<\/p>\n\n\n\n<p>Il presente documento relativo all&#8217;informativa sulla privacy \u00e8 stato creato il 19\/09\/2023.<\/p>\n<\/div><\/div>\n\n<\/div><\/div>","protected":false},"excerpt":{"rendered":"<p>INFORMATIVA SULLA PRIVACY DEL SITO WEB campingplayaparazuelos.com I. POLITICA SULLA PRIVACY E SULLA PROTEZIONE DEI DATI Nel rispetto delle disposizioni della normativa vigente, Camping Playa Parazuelos (di seguito, anche Sito Web) si impegna ad adottare le necessarie misure tecniche e organizzative, in base al livello di sicurezza adeguato al rischio dei dati raccolti. Leggi incorporate&#8230;<\/p>\n","protected":false},"author":1,"featured_media":0,"parent":0,"menu_order":0,"comment_status":"closed","ping_status":"closed","template":"","meta":{"_kad_blocks_custom_css":"","_kad_blocks_head_custom_js":"","_kad_blocks_body_custom_js":"","_kad_blocks_footer_custom_js":"","_kad_post_transparent":"","_kad_post_title":"","_kad_post_layout":"","_kad_post_sidebar_id":"","_kad_post_content_style":"","_kad_post_vertical_padding":"","_kad_post_feature":"","_kad_post_feature_position":"","_kad_post_header":false,"_kad_post_footer":false,"_kad_post_classname":"","footnotes":""},"class_list":["post-3423","page","type-page","status-publish","hentry"],"taxonomy_info":[],"featured_image_src_large":false,"author_info":{"display_name":"admin","author_link":"https:\/\/campingplayaparazuelos.com\/it\/author\/exi_dmca4ju1\/"},"comment_info":0,"_links":{"self":[{"href":"https:\/\/campingplayaparazuelos.com\/it\/wp-json\/wp\/v2\/pages\/3423","targetHints":{"allow":["GET"]}}],"collection":[{"href":"https:\/\/campingplayaparazuelos.com\/it\/wp-json\/wp\/v2\/pages"}],"about":[{"href":"https:\/\/campingplayaparazuelos.com\/it\/wp-json\/wp\/v2\/types\/page"}],"author":[{"embeddable":true,"href":"https:\/\/campingplayaparazuelos.com\/it\/wp-json\/wp\/v2\/users\/1"}],"replies":[{"embeddable":true,"href":"https:\/\/campingplayaparazuelos.com\/it\/wp-json\/wp\/v2\/comments?post=3423"}],"version-history":[{"count":1,"href":"https:\/\/campingplayaparazuelos.com\/it\/wp-json\/wp\/v2\/pages\/3423\/revisions"}],"predecessor-version":[{"id":3424,"href":"https:\/\/campingplayaparazuelos.com\/it\/wp-json\/wp\/v2\/pages\/3423\/revisions\/3424"}],"wp:attachment":[{"href":"https:\/\/campingplayaparazuelos.com\/it\/wp-json\/wp\/v2\/media?parent=3423"}],"curies":[{"name":"wp","href":"https:\/\/api.w.org\/{rel}","templated":true}]}}